{"id":820,"date":"2018-05-23T10:33:52","date_gmt":"2018-05-23T08:33:52","guid":{"rendered":"https:\/\/www.interback.com\/?page_id=820"},"modified":"2018-06-01T14:02:44","modified_gmt":"2018-06-01T12:02:44","slug":"informationspflichten-betroffenenrechte","status":"publish","type":"page","link":"https:\/\/www.interback.com\/index.php\/hinweise-zum-datenschutz\/informationspflichten-betroffenenrechte\/","title":{"rendered":"Informationspflichten \/ Betroffenenrechte"},"content":{"rendered":"<p><strong>Hinweis und Information zum Datenschutz gem. Art. 13<br \/>\nDatenschutz-Grundverordnung (DS-GVO)<\/strong><\/p>\n<p>Informationsplicht bei Erhebung von personenbezogenen Daten bei der betroffenen Person.<br \/>\nNachstehend informieren wir Sie gem\u00e4\u00df Art. 13 DS-GVO \u00fcber die Erhebung, Verarbeitung, und Speicherung Ihrer personenbezogenen Daten und geben Auskunft \u00fcber unsere Ansprechpartner sowie Ihre Rechte unter der Datenschutz-Grundverordnung.<\/p>\n<p><strong><u>Name und Kontaktdaten des Verantwortlichen:<br \/>\n<\/u><\/strong>Interback Niederrhein Backbedarf GmbH<br \/>\nGr\u00fcnewaldstra\u00dfe 31<br \/>\n40764 Langenfeld<br \/>\nTelefon: +49 2173 27049-33<br \/>\nFax: +49 2173 27049-70<br \/>\nE-Mail: <a href=\"mailto:datenschutz@interback.com\">datenschutz@interback.com<\/a><\/p>\n<p><strong><u>Kontaktdaten des Datenschutzbeauftragten:<br \/>\n<\/u><\/strong>Bei R\u00fcckfragen wenden Sie sich bitte an unseren Datenschutzbeauftragten:<br \/>\nHerr Nils Gustke<br \/>\nGesellschaft f\u00fcr Personaldienstleistungen mbH<br \/>\nEinrichtung der Handels- und Dienstleistungsverb\u00e4nde<br \/>\nPestalozzistra\u00dfe 27<br \/>\n34119 Kassel<br \/>\nTelefon: +49 561 78968-93<br \/>\nFax: +49 561 78968-61<br \/>\nE-Mail: <a href=\"mailto:datenschutz@gfp24.de\">datenschutz@gfp24.de<\/a><\/p>\n<p><strong><u>Datenkategorien und Datenherkunft:<br \/>\n<\/u><\/strong>Wir verarbeiten nachfolgende Kategorien von Daten: Adress- und Identifikationsdaten (z.B. Name, Anschrift, Kontaktdaten, E-Mail Adresse, Telefonnummer, Faxnummer, USt.-ID, ggfs. Geburtsort, Staatsangeh\u00f6rigkeit und Personaldaten), Umsatz- und Auftragsdaten (z.B. Bestellung, Lieferung, Retoure, Rechnung und Gutschrift), Lieferbedingungen und -tage, Zahlungsbedingungen und Bonit\u00e4tsdaten (z.B. von Auskunfteien, Zahlungsverkehr).<\/p>\n<p>Diese Daten werden im Zuge der Kontaktaufnahme, laufenden Gesch\u00e4ftsbeziehung, aus \u00f6ffentlichen Quellen (z.B. Internet, Presse, Handels-\/ Unternehmensregister) oder Auskunfteien aufgenommen bzw. entnommen.<\/p>\n<p><strong><u>Verarbeitungszwecke und Rechtsgrundlage:<br \/>\n<\/u><\/strong>Personenbezogene Daten werden in unserem Hause im Zuge der Gesch\u00e4ftsbeziehung mit bestehenden Kunden sowie bei Kontaktaufnahme durch Interessenten verarbeitet. Die Datenverarbeitung erfolgt dabei zur Erf\u00fcllung unserer Dienstleistung und Warenbelieferung (zur Erf\u00fcllung von vertraglichen Pflichten; Rechtsgrundlage gem. DS-GVO, Art. 6 Abs. 1 b, 1c) und demzufolge zur Kundenidentifizierung und Kundenzuordnung sowie Anbahnung, Durchf\u00fchrung, Verwaltung, Abwicklung und Erf\u00fcllung von Auftr\u00e4gen, Vertr\u00e4gen, Gutschriften und Lieferungen\/ Retouren. In diesem Zuge nutzen wir Ihre personenbezogenen Daten ebenfalls zur laufenden Kundenbetreuung, Erstellung von Rechnungen und Korrekturen, sowie Verwaltung und Durchsetzung von Forderungen. Zudem werden Ihre personenbezogenen Daten zur Einhaltung gesetzlicher Vorschriften und zum Teil durch Einsatz von Auftragsverarbeitern eingesetzt.<\/p>\n<p>Eine Weiterverarbeitung personenbezogener Daten erfolgt zudem zur Wahrung berechtigter eigener Interessen oder der eines Dritten, zu Zwecken der besseren Marktbearbeitung, zur Tourenoptimierung, f\u00fcr Distribution-, Markt- und Bedarfsanalysen, zur Vertriebssteuerung, zur Provisionsermittlung, zur Entscheidung \u00fcber Marketing- und Vertriebsma\u00dfnahmen, zur Durchf\u00fchrung von Werbema\u00dfnahmen (z.B. Newsletterversand mit Ihrer Einwilligung), f\u00fcr Absatzmeldungen, zur Kundenunterst\u00fctzung und gegebenenfalls zur Pr\u00fcfung und Abrechnung von Konditionen (Rechtsgrundlage gem. DS-GVO, Art. 6, Abs. 1 f).<\/p>\n<p><strong>Datenempf\u00e4nger:<\/strong><b><u><br \/>\n<\/u><\/b>In unserem Unternehmen erhalten diejenigen Mitarbeiter Ihre Daten, die diese zur Erf\u00fcllung unserer vertraglichen und gesetzlichen Pflichten ben\u00f6tigen. Dazu geh\u00f6ren ebenfalls Mitarbeiter verbundener Unternehmen (R. Joh. Leyhausen GmbH, Joh. Leyhausen e.K.).<\/p>\n<p>Wir geben Ihre personenbezogenen Daten nicht an Dritte weiter. Ausgenommen hiervon sind unsere Dienstleistungspartner, wenn dies zur Erf\u00fcllung des Vertrages erforderlich ist, wie bspw. Paket- und Briefzusteller, Speditionen, Frachtunternehmen zur Zustellung, Banken f\u00fcr den Einzug von Lastschriften, Beh\u00f6rden zur Erf\u00fcllung gesetzlicher Meldeverpflichten, Warenkreditversicherungen, Inkassounternehmen und Auskunfteien, sowie unter Ber\u00fccksichtigung der DS-GVO an, und Lieferanten\/ Zulieferer zur Absatzmitteilung, Koordination von gemeinsamen, pers\u00f6nlichen Kundenterminen und Organisation von Wartungs-\/ Reparaturauftr\u00e4gen im Ger\u00e4tebereich.<\/p>\n<p><strong><u>Dauer der Datenspeicherung:<\/u><\/strong><br \/>\nWir speichern und verarbeiten Ihre personenbezogenen Daten \u00fcber die Dauer der Gesch\u00e4ftsbeziehung mit unseren Kunden und bis zum Ablauf etwaiger gesetzlicher (handels-, steuer-, finanzrechtlicher) Aufbewahrungsfristen. Entsprechend werden die zu Ihrer Person gespeicherten Daten nach Ende der Gesch\u00e4ftsbeziehung und nach Ablauf von Gew\u00e4hrleistungsfristen nach zwei Jahren gel\u00f6scht, sofern dem keine weiteren gesetzlichen Aufbewahrungspflichten entgegenstehen. Diese werden den rechtlichen Vorschriften entsprechend nach zehn Jahren gel\u00f6scht, soweit keine l\u00e4ngeren Aufbewahrungsfristen vorgeschrieben oder aus berechtigten Gr\u00fcnden erforderlich sind.<\/p>\n<p>Widerrufen Sie die Einwilligung zur Nutzung Ihrer Daten werden diese unverz\u00fcglich gel\u00f6scht, sofern oben stehende Gr\u00fcnde nicht dagegen sprechen.<\/p>\n<p><strong><u>Rechte der betroffenen Person:<br \/>\n<\/u><\/strong>Nach Art. 15 bis 21 der Datenschutz-Grundverordnung k\u00f6nnen Sie jederzeit Auskunft \u00fcber Ihre bei uns gespeicherten Daten oder Berichtigung, Sperrung (Einschr\u00e4nkung der Verarbeitung) und L\u00f6schung Ihrer gespeicherten Daten und deren Verarbeitung verlangen. Sofern einer L\u00f6schung gesetzliche, vertragliche oder handels- bzw. steuerrechtliche Aufbewahrungsfristen oder sonstige gesetzlich Gr\u00fcnde entgegenstehen, werden Ihre Daten nicht gel\u00f6scht, sondern mit einer Sperre versehen. Ihre Daten werden in unserem Unternehmen keiner ausschlie\u00dflich auf automatisierter Verarbeitung beruhenden Entscheidung unterworfen (einschlie\u00dflich Profiling) (Art. 22 DS-GVO).<\/p>\n<p><strong><u>Widerspruchsrecht:<br \/>\n<\/u><\/strong>Sie haben das Recht, aus Gr\u00fcnden, die sich aus Ihrer besonderen Situation ergeben, jederzeit gegen die Verarbeitung Sie betreffender personenbezogener Daten, die aufgrund von Artikel 6 Absatz 1 Buchstaben e oder f erfolgt, Widerspruch einzulegen (Art. 21 DS-GVO). Den Widerspruch richten Sie bitte an <a href=\"mailto:datenschutz@interback.com\">datenschutz@interback.com<\/a> bzw. an unsere Postadresse mit dem Zusatz \u201eder Datenschutzbeauftragte\u201c.<\/p>\n<p><strong><u>Beschwerderecht bei der Aufsichtsbeh\u00f6rde:<\/u><\/strong><\/p>\n<p>Sie haben gem\u00e4\u00df Art. 77 DS-GVO das Recht, sich bei der Aufsichtsbeh\u00f6rde zu beschweren, wenn Sie der Ansicht sind, dass die Verarbeitung Ihrer personenbezogenen Daten nicht rechtm\u00e4\u00dfig erfolgt. Die Anschrift der f\u00fcr unser Unternehmen zust\u00e4ndigen Aufsichtsbeh\u00f6rde lautet:<\/p>\n<p>Landesbeauftragte f\u00fcr Datenschutz und Informationsfreiheit Nordrhein-Westfalen<br \/>\nPostfach 20 04 44<br \/>\n40102 D\u00fcsseldorf<\/p>\n<p>Tel.: 0211\/38424-0<br \/>\nFax: 0211\/38424-10<br \/>\nE-Mail: <a href=\"mailto:poststelle@ldi.nrw.de\">poststelle@ldi.nrw.de<\/a><\/p>\n<p><strong>Bereitstellung der Daten:<br \/>\n<\/strong>Die Bereitstellung der personenbezogenen Daten ist vertraglich vorgeschrieben oder f\u00fcr einen Vertragsabschluss erforderlich, da wir ohne diese Daten unsere Dienstleistung und Warenbelieferung nicht erbringen k\u00f6nnen.<\/p>\n<p><strong>Automatisierte Entscheidungen:<br \/>\n<\/strong>Automatisierte Entscheidungen im Einzelfall einschlie\u00dflich Profiling finden nicht statt.<\/p>\n<p>&nbsp;<\/p>\n","protected":false},"excerpt":{"rendered":"<p>Hinweis und Information zum Datenschutz gem. Art. 13 Datenschutz-Grundverordnung (DS-GVO) Informationsplicht bei Erhebung von personenbezogenen Daten bei der betroffenen Person. Nachstehend informieren wir Sie gem\u00e4\u00df Art. 13 DS-GVO \u00fcber die Erhebung, Verarbeitung, und Speicherung Ihrer personenbezogenen Daten und geben Auskunft \u00fcber unsere Ansprechpartner sowie Ihre Rechte unter der Datenschutz-Grundverordnung. Name und Kontaktdaten des Verantwortlichen: Interback<\/p>\n","protected":false},"author":1,"featured_media":0,"parent":9,"menu_order":1,"comment_status":"closed","ping_status":"closed","template":"fullwidth.php","meta":{"footnotes":""},"class_list":["post-820","page","type-page","status-publish","hentry"],"_links":{"self":[{"href":"https:\/\/www.interback.com\/index.php\/wp-json\/wp\/v2\/pages\/820","targetHints":{"allow":["GET"]}}],"collection":[{"href":"https:\/\/www.interback.com\/index.php\/wp-json\/wp\/v2\/pages"}],"about":[{"href":"https:\/\/www.interback.com\/index.php\/wp-json\/wp\/v2\/types\/page"}],"author":[{"embeddable":true,"href":"https:\/\/www.interback.com\/index.php\/wp-json\/wp\/v2\/users\/1"}],"replies":[{"embeddable":true,"href":"https:\/\/www.interback.com\/index.php\/wp-json\/wp\/v2\/comments?post=820"}],"version-history":[{"count":7,"href":"https:\/\/www.interback.com\/index.php\/wp-json\/wp\/v2\/pages\/820\/revisions"}],"predecessor-version":[{"id":850,"href":"https:\/\/www.interback.com\/index.php\/wp-json\/wp\/v2\/pages\/820\/revisions\/850"}],"up":[{"embeddable":true,"href":"https:\/\/www.interback.com\/index.php\/wp-json\/wp\/v2\/pages\/9"}],"wp:attachment":[{"href":"https:\/\/www.interback.com\/index.php\/wp-json\/wp\/v2\/media?parent=820"}],"curies":[{"name":"wp","href":"https:\/\/api.w.org\/{rel}","templated":true}]}}