{"id":7,"date":"2015-12-03T17:01:18","date_gmt":"2015-12-03T16:01:18","guid":{"rendered":"http:\/\/www.interback.com\/?page_id=7"},"modified":"2024-01-22T11:04:09","modified_gmt":"2024-01-22T10:04:09","slug":"ausbildung","status":"publish","type":"page","link":"https:\/\/www.interback.com\/index.php\/ausbildung\/","title":{"rendered":"Ausbildung bei Interback!"},"content":{"rendered":"<hr \/>\n<h4><span style=\"color: #000000;\">Kaufmann\/-frau im Gro\u00df- und Au\u00dfenhandel (Gro\u00dfhandel) (m\/w\/d)<\/span><\/h4>\n<p><strong>Ihre Aufgaben<\/strong><br \/>\nDas Spektrum Ihrer Aufgaben bilden vielseitige Herausforderungen.<br \/>\nSie lernen wie man Waren in gro\u00dfen Mengen bestellt und bei welchen Herstellern bzw. Lieferanten. Auf welche Faktoren muss man bei Produktplatzierungen achten? Zu welchen Konditionen werden die Waren angeboten um gewinnbringend zu wirtschaften?<br \/>\nWelche F\u00e4higkeiten sind f\u00fcr ein erfolgreiches Verhandlungsgespr\u00e4ch wichtig? Die Grundlagen des Qualit\u00e4tsmanagements f\u00fcr den richtigen Umgang mit Reklamationen.<br \/>\nAlles in allem, die Sicherstellung eines reibungslosen Warenflusses f\u00fcr eine optimierte Lagerhaltung.<br \/>\nSie werden vom ersten Tag an Teil eines starken Teams, das aus erfahrenen Fachleuten besteht. Mit diesem Wissen k\u00f6nnen Sie wachsen und immer mehr Eigenverantwortung \u00fcbernehmen.<\/p>\n<p><strong>Ihr Profil<\/strong><\/p>\n<ul>\n<li>Abitur, gerne mit dem Schwerpunkt Wirtschaft<\/li>\n<li>Gute Noten in Deutsch und Mathematik<\/li>\n<li>Freude am Umgang mit Daten, Zahlen und Verwaltungsaufgaben<\/li>\n<li>Grundkenntnisse in Textverarbeitung und Tabellenkalkulation von Vorteil<\/li>\n<li>Spa\u00df an selbst\u00e4ndiger und abwechslungsreicher Arbeit<\/li>\n<li>Kommunikationsst\u00e4rke und Teamf\u00e4higkeit<\/li>\n<\/ul>\n<hr \/>\n<h4><span style=\"color: #000000;\">Fachkraft f\u00fcr Lagerlogistik \/ Fachlagerist\/in (m\/w\/d)\u00a0<\/span><\/h4>\n<p><strong>Ihre Aufgaben<\/strong><br \/>\nDie Ware im Fluss &#8211; Bei welcher Temperatur werden Frischerzeugnisse optimal gelagert? Was steckt hinter einer Chargenr\u00fcckverfolgbarkeit? Erleben und entdecken Sie unsere Sortimentsbreite und \u2013tiefe. Nach der Ausbildung kennen Sie die Antworten zu den Fragen, welche sich um Wareneingang, Warenlagerung, Warenbereitstellung und Warenausgang drehen.<\/p>\n<p><strong>Ihr Profil<\/strong><\/p>\n<ul>\n<li>mind. Hauptschulabschluss<\/li>\n<li>gute Noten in Mathematik und Deutsch<\/li>\n<li>schnelle Auffassungsgabe<\/li>\n<li>Gef\u00fchl f\u00fcr Zahlen<\/li>\n<li>Freude an Dienstleistung<\/li>\n<\/ul>\n<hr \/>\n<p>Bei Interesse f\u00fcr eine anspruchsvolle Aufgabe senden Sie uns Ihre Bewerbungsunterlagen an Frau Bianca Kern und Herrn Rudi Ropertz (<a href=\"mailto:ausbildung@interback.com\"><u><span style=\"color: #0066cc;\">ausbildung@interback.com<\/span><\/u><\/a>).<\/p>\n<p>-&gt; <a href=\"https:\/\/www.interback.com\/index.php\/hinweise-zum-datenschutz\/\">Datenschutzerkl\u00e4rung <\/a>und <a href=\"https:\/\/www.interback.com\/index.php\/hinweise-zum-datenschutz\/informationspflichten-betroffenenrechte\/\">Betroffenenrechte<\/a><\/p>\n","protected":false},"excerpt":{"rendered":"<p>Kaufmann\/-frau im Gro\u00df- und Au\u00dfenhandel (Gro\u00dfhandel) (m\/w\/d) Ihre Aufgaben Das Spektrum Ihrer Aufgaben bilden vielseitige Herausforderungen. Sie lernen wie man Waren in gro\u00dfen Mengen bestellt und bei welchen Herstellern bzw. Lieferanten. Auf welche Faktoren muss man bei Produktplatzierungen achten? Zu welchen Konditionen werden die Waren angeboten um gewinnbringend zu wirtschaften? Welche F\u00e4higkeiten sind f\u00fcr ein<\/p>\n","protected":false},"author":1,"featured_media":0,"parent":0,"menu_order":0,"comment_status":"closed","ping_status":"closed","template":"fullwidth.php","meta":{"footnotes":""},"class_list":["post-7","page","type-page","status-publish","hentry"],"_links":{"self":[{"href":"https:\/\/www.interback.com\/index.php\/wp-json\/wp\/v2\/pages\/7","targetHints":{"allow":["GET"]}}],"collection":[{"href":"https:\/\/www.interback.com\/index.php\/wp-json\/wp\/v2\/pages"}],"about":[{"href":"https:\/\/www.interback.com\/index.php\/wp-json\/wp\/v2\/types\/page"}],"author":[{"embeddable":true,"href":"https:\/\/www.interback.com\/index.php\/wp-json\/wp\/v2\/users\/1"}],"replies":[{"embeddable":true,"href":"https:\/\/www.interback.com\/index.php\/wp-json\/wp\/v2\/comments?post=7"}],"version-history":[{"count":22,"href":"https:\/\/www.interback.com\/index.php\/wp-json\/wp\/v2\/pages\/7\/revisions"}],"predecessor-version":[{"id":1565,"href":"https:\/\/www.interback.com\/index.php\/wp-json\/wp\/v2\/pages\/7\/revisions\/1565"}],"wp:attachment":[{"href":"https:\/\/www.interback.com\/index.php\/wp-json\/wp\/v2\/media?parent=7"}],"curies":[{"name":"wp","href":"https:\/\/api.w.org\/{rel}","templated":true}]}}