{"id":416,"date":"2017-03-20T13:42:12","date_gmt":"2017-03-20T12:42:12","guid":{"rendered":"http:\/\/www.interback.com\/?page_id=416"},"modified":"2025-06-24T11:29:20","modified_gmt":"2025-06-24T09:29:20","slug":"qm","status":"publish","type":"page","link":"https:\/\/www.interback.com\/index.php\/qm\/","title":{"rendered":"Unser Qualit\u00e4tsanspruch"},"content":{"rendered":"<p>Unser <strong>Qualit\u00e4tsanspruch ist es Ihnen Ihre Bestellungen:<br \/><\/strong><\/p>\n<ul>\n<li>in perfekter Sortierung, Qualit\u00e4t und Menge<\/li>\n<li>zum vereinbarten Liefertermin<\/li>\n<li>zu dem gew\u00fcnschten Lieferort<\/li>\n<li>zu fairen Preisen<\/li>\n<\/ul>\n<p>zu liefern, so dass Sie sich auf Ihr t\u00e4gliches Gesch\u00e4ft konzentrieren k\u00f6nnen.<\/p>\n<p>Zu allen Fragen rund um das Thema Qualit\u00e4t steht Ihnen gerne auch unser <a href=\"http:\/\/www.interback.com\/?page_id=420&amp;preview=true\">Qualit\u00e4tsmanagement<\/a> zur Verf\u00fcgung. Unsere IFS-Zertifikate und unser Bio-Zertifikat finden Sie unter folgendem <a href=\"http:\/\/www.interback.com\/?page_id=429&amp;preview=true\">Link.<\/a><\/p>\n<p>\u00a0<\/p>\n<p><!--<a href=\"http:\/\/www.interback.com\/?page_id=427&amp;preview=true\">Zertifizierungen<\/a>--><\/p>\n\n\n<p><\/p>\n","protected":false},"excerpt":{"rendered":"<p>Unser Qualit\u00e4tsanspruch ist es Ihnen Ihre Bestellungen: in perfekter Sortierung, Qualit\u00e4t und Menge zum vereinbarten Liefertermin zu dem gew\u00fcnschten Lieferort zu fairen Preisen zu liefern, so dass Sie sich auf Ihr t\u00e4gliches Gesch\u00e4ft konzentrieren k\u00f6nnen. Zu allen Fragen rund um das Thema Qualit\u00e4t steht Ihnen gerne auch unser Qualit\u00e4tsmanagement zur Verf\u00fcgung. Unsere IFS-Zertifikate und unser<\/p>\n","protected":false},"author":1,"featured_media":0,"parent":0,"menu_order":0,"comment_status":"closed","ping_status":"closed","template":"fullwidth.php","meta":{"footnotes":""},"class_list":["post-416","page","type-page","status-publish","hentry"],"_links":{"self":[{"href":"https:\/\/www.interback.com\/index.php\/wp-json\/wp\/v2\/pages\/416","targetHints":{"allow":["GET"]}}],"collection":[{"href":"https:\/\/www.interback.com\/index.php\/wp-json\/wp\/v2\/pages"}],"about":[{"href":"https:\/\/www.interback.com\/index.php\/wp-json\/wp\/v2\/types\/page"}],"author":[{"embeddable":true,"href":"https:\/\/www.interback.com\/index.php\/wp-json\/wp\/v2\/users\/1"}],"replies":[{"embeddable":true,"href":"https:\/\/www.interback.com\/index.php\/wp-json\/wp\/v2\/comments?post=416"}],"version-history":[{"count":17,"href":"https:\/\/www.interback.com\/index.php\/wp-json\/wp\/v2\/pages\/416\/revisions"}],"predecessor-version":[{"id":1618,"href":"https:\/\/www.interback.com\/index.php\/wp-json\/wp\/v2\/pages\/416\/revisions\/1618"}],"wp:attachment":[{"href":"https:\/\/www.interback.com\/index.php\/wp-json\/wp\/v2\/media?parent=416"}],"curies":[{"name":"wp","href":"https:\/\/api.w.org\/{rel}","templated":true}]}}