{"id":19,"date":"2015-12-03T17:03:56","date_gmt":"2015-12-03T16:03:56","guid":{"rendered":"http:\/\/www.interback.com\/?page_id=19"},"modified":"2019-04-18T09:28:31","modified_gmt":"2019-04-18T07:28:31","slug":"willkommen","status":"publish","type":"page","link":"https:\/\/www.interback.com\/","title":{"rendered":"Willkommen"},"content":{"rendered":"<h2>Herzlich Willkommen<\/h2>\n<div>\n<p><strong>bei der Firma Interback Niederrhein Backbedarf GmbH in Langenfeld \/ Rheinland<\/strong><\/p>\n<p>Wir informieren Sie auf unserer Homepage \u00fcber das, was Sie als Kunde, Lieferant oder zuk\u00fcnftiger Mitarbeiter interessieren wird.<\/p>\n<p>Die Interback ist ein familiengef\u00fchrtes Unternehmen innerhalb der Back Europ Gruppe \u2013 Europas gro\u00dfer Einkaufsorganisation des Gro\u00dfhandels f\u00fcr B\u00e4ckereien, Konditoreien, Eiscaf\u00e9s und Restaurantbetriebe.<\/p>\n<\/div>\n","protected":false},"excerpt":{"rendered":"<p>Herzlich Willkommen bei der Firma Interback Niederrhein Backbedarf GmbH in Langenfeld \/ Rheinland Wir informieren Sie auf unserer Homepage \u00fcber das, was Sie als Kunde, Lieferant oder zuk\u00fcnftiger Mitarbeiter interessieren wird. Die Interback ist ein familiengef\u00fchrtes Unternehmen innerhalb der Back Europ Gruppe \u2013 Europas gro\u00dfer Einkaufsorganisation des Gro\u00dfhandels f\u00fcr B\u00e4ckereien, Konditoreien, Eiscaf\u00e9s und Restaurantbetriebe.<\/p>\n","protected":false},"author":1,"featured_media":0,"parent":0,"menu_order":0,"comment_status":"closed","ping_status":"closed","template":"fullwidth.php","meta":{"footnotes":""},"class_list":["post-19","page","type-page","status-publish","hentry"],"_links":{"self":[{"href":"https:\/\/www.interback.com\/index.php\/wp-json\/wp\/v2\/pages\/19","targetHints":{"allow":["GET"]}}],"collection":[{"href":"https:\/\/www.interback.com\/index.php\/wp-json\/wp\/v2\/pages"}],"about":[{"href":"https:\/\/www.interback.com\/index.php\/wp-json\/wp\/v2\/types\/page"}],"author":[{"embeddable":true,"href":"https:\/\/www.interback.com\/index.php\/wp-json\/wp\/v2\/users\/1"}],"replies":[{"embeddable":true,"href":"https:\/\/www.interback.com\/index.php\/wp-json\/wp\/v2\/comments?post=19"}],"version-history":[{"count":5,"href":"https:\/\/www.interback.com\/index.php\/wp-json\/wp\/v2\/pages\/19\/revisions"}],"predecessor-version":[{"id":958,"href":"https:\/\/www.interback.com\/index.php\/wp-json\/wp\/v2\/pages\/19\/revisions\/958"}],"wp:attachment":[{"href":"https:\/\/www.interback.com\/index.php\/wp-json\/wp\/v2\/media?parent=19"}],"curies":[{"name":"wp","href":"https:\/\/api.w.org\/{rel}","templated":true}]}}