{"id":13,"date":"2015-12-03T17:02:52","date_gmt":"2015-12-03T16:02:52","guid":{"rendered":"http:\/\/www.interback.com\/?page_id=13"},"modified":"2022-09-12T10:24:05","modified_gmt":"2022-09-12T08:24:05","slug":"jobs","status":"publish","type":"page","link":"https:\/\/www.interback.com\/index.php\/jobs\/","title":{"rendered":"Jobs"},"content":{"rendered":"<p><strong>Verst\u00e4rken Sie unser Team und senden uns Ihre Bewerbung!<\/strong><\/p>\n<p>Wir sind ein inhabergef\u00fchrtes Lebensmittel-Gro\u00dfhandelsunternehmen in der vierten Generation mit flachen Hierarchien, schnell und flexibel am Markt, attraktiven Mitgestaltungsm\u00f6glichkeiten und einer ausgepr\u00e4gten sozialen Kompetenz. Unsere Kunden sind: B\u00e4ckereien, Konditoreien, Gastronomiebetriebe und Eiscaf\u00e9s.<\/p>\n<hr \/>\n<p><strong><span style=\"color: #000000;\">Aktuelle Stellenangebote:<\/span><\/strong><\/p>\n<hr \/>\n\n\n<hr class=\"wp-block-separator\"\/>\n\n\n\n<p class=\"has-text-align-center\"> <strong>Hier finden Sie unsere <a href=\"https:\/\/www.interback.com\/index.php\/hinweise-zum-datenschutz\/\">Datenschutzerkl\u00e4rung<\/a><\/strong> <\/p>\n","protected":false},"excerpt":{"rendered":"<p>Verst\u00e4rken Sie unser Team und senden uns Ihre Bewerbung! Wir sind ein inhabergef\u00fchrtes Lebensmittel-Gro\u00dfhandelsunternehmen in der vierten Generation mit flachen Hierarchien, schnell und flexibel am Markt, attraktiven Mitgestaltungsm\u00f6glichkeiten und einer ausgepr\u00e4gten sozialen Kompetenz. Unsere Kunden sind: B\u00e4ckereien, Konditoreien, Gastronomiebetriebe und Eiscaf\u00e9s. Aktuelle Stellenangebote: Hier finden Sie unsere Datenschutzerkl\u00e4rung<\/p>\n","protected":false},"author":1,"featured_media":0,"parent":0,"menu_order":0,"comment_status":"closed","ping_status":"closed","template":"fullwidth.php","meta":{"footnotes":""},"class_list":["post-13","page","type-page","status-publish","hentry"],"_links":{"self":[{"href":"https:\/\/www.interback.com\/index.php\/wp-json\/wp\/v2\/pages\/13","targetHints":{"allow":["GET"]}}],"collection":[{"href":"https:\/\/www.interback.com\/index.php\/wp-json\/wp\/v2\/pages"}],"about":[{"href":"https:\/\/www.interback.com\/index.php\/wp-json\/wp\/v2\/types\/page"}],"author":[{"embeddable":true,"href":"https:\/\/www.interback.com\/index.php\/wp-json\/wp\/v2\/users\/1"}],"replies":[{"embeddable":true,"href":"https:\/\/www.interback.com\/index.php\/wp-json\/wp\/v2\/comments?post=13"}],"version-history":[{"count":55,"href":"https:\/\/www.interback.com\/index.php\/wp-json\/wp\/v2\/pages\/13\/revisions"}],"predecessor-version":[{"id":1522,"href":"https:\/\/www.interback.com\/index.php\/wp-json\/wp\/v2\/pages\/13\/revisions\/1522"}],"wp:attachment":[{"href":"https:\/\/www.interback.com\/index.php\/wp-json\/wp\/v2\/media?parent=13"}],"curies":[{"name":"wp","href":"https:\/\/api.w.org\/{rel}","templated":true}]}}